{"id":115,"date":"2020-03-16T10:03:10","date_gmt":"2020-03-16T10:03:10","guid":{"rendered":"https:\/\/www.pmiab.se\/?page_id=115"},"modified":"2025-06-30T12:22:18","modified_gmt":"2025-06-30T12:22:18","slug":"om-pmi","status":"publish","type":"page","link":"https:\/\/www.pmiab.se\/en\/om-pmi\/","title":{"rendered":"Om PMI | PMI"},"content":{"rendered":"<div data-elementor-type=\"wp-page\" data-elementor-id=\"115\" class=\"elementor elementor-115\">\n\t\t\t\t\t\t<section class=\"elementor-section elementor-top-section elementor-element elementor-element-028134e elementor-section-boxed elementor-section-height-default elementor-section-height-default\" data-id=\"028134e\" data-element_type=\"section\" data-settings=\"{&quot;background_background&quot;:&quot;classic&quot;}\">\n\t\t\t\t\t\t<div class=\"elementor-container elementor-column-gap-default\">\n\t\t\t\t\t<div class=\"elementor-column elementor-col-100 elementor-top-column elementor-element elementor-element-533e2cb\" data-id=\"533e2cb\" data-element_type=\"column\">\n\t\t\t<div class=\"elementor-widget-wrap elementor-element-populated\">\n\t\t\t\t\t\t<div class=\"elementor-element elementor-element-140f527 elementor-hidden-mobile elementor-invisible elementor-widget elementor-widget-image\" data-id=\"140f527\" data-element_type=\"widget\" data-settings=\"{&quot;_animation&quot;:&quot;fadeIn&quot;}\" data-widget_type=\"image.default\">\n\t\t\t\t<div class=\"elementor-widget-container\">\n\t\t\t\t\t\t\t\t\t\t\t\t\t<img fetchpriority=\"high\" decoding=\"async\" width=\"1024\" height=\"500\" src=\"https:\/\/www.pmiab.se\/wp-content\/uploads\/2023\/09\/PMI-header-02-low.jpg\" class=\"attachment-full size-full wp-image-3803\" alt=\"\" srcset=\"https:\/\/www.pmiab.se\/wp-content\/uploads\/2023\/09\/PMI-header-02-low.jpg 1024w, https:\/\/www.pmiab.se\/wp-content\/uploads\/2023\/09\/PMI-header-02-low-300x146.jpg 300w, https:\/\/www.pmiab.se\/wp-content\/uploads\/2023\/09\/PMI-header-02-low-768x375.jpg 768w, https:\/\/www.pmiab.se\/wp-content\/uploads\/2023\/09\/PMI-header-02-low-18x9.jpg 18w\" sizes=\"(max-width: 1024px) 100vw, 1024px\" \/>\t\t\t\t\t\t\t\t\t\t\t\t\t<\/div>\n\t\t\t\t<\/div>\n\t\t\t\t\t<\/div>\n\t\t<\/div>\n\t\t\t\t\t<\/div>\n\t\t<\/section>\n\t\t\t\t<section class=\"elementor-section elementor-top-section elementor-element elementor-element-23b5ab6 elementor-section-boxed elementor-section-height-default elementor-section-height-default\" data-id=\"23b5ab6\" data-element_type=\"section\">\n\t\t\t\t\t\t<div class=\"elementor-container elementor-column-gap-default\">\n\t\t\t\t\t<div class=\"elementor-column elementor-col-100 elementor-top-column elementor-element elementor-element-195a693\" data-id=\"195a693\" data-element_type=\"column\">\n\t\t\t<div class=\"elementor-widget-wrap elementor-element-populated\">\n\t\t\t\t\t\t<div class=\"elementor-element elementor-element-b0c6d2f elementor-hidden-desktop elementor-hidden-tablet elementor-widget elementor-widget-image\" data-id=\"b0c6d2f\" data-element_type=\"widget\" data-settings=\"{&quot;_animation_mobile&quot;:&quot;fadeIn&quot;}\" data-widget_type=\"image.default\">\n\t\t\t\t<div class=\"elementor-widget-container\">\n\t\t\t\t\t\t\t\t\t\t\t\t\t<img decoding=\"async\" width=\"740\" height=\"920\" src=\"https:\/\/www.pmiab.se\/wp-content\/uploads\/2023\/09\/PMI-OmPMI-mobil.jpg\" class=\"attachment-large size-large wp-image-3984\" alt=\"\" srcset=\"https:\/\/www.pmiab.se\/wp-content\/uploads\/2023\/09\/PMI-OmPMI-mobil.jpg 740w, https:\/\/www.pmiab.se\/wp-content\/uploads\/2023\/09\/PMI-OmPMI-mobil-241x300.jpg 241w, https:\/\/www.pmiab.se\/wp-content\/uploads\/2023\/09\/PMI-OmPMI-mobil-10x12.jpg 10w\" sizes=\"(max-width: 740px) 100vw, 740px\" \/>\t\t\t\t\t\t\t\t\t\t\t\t\t<\/div>\n\t\t\t\t<\/div>\n\t\t\t\t<div class=\"elementor-element elementor-element-50a00d1 elementor-widget-mobile__width-initial e-transform elementor-widget elementor-widget-heading\" data-id=\"50a00d1\" data-element_type=\"widget\" data-settings=\"{&quot;_transform_scale_effect_mobile&quot;:{&quot;unit&quot;:&quot;px&quot;,&quot;size&quot;:0.9,&quot;sizes&quot;:[]},&quot;_transform_scale_effect&quot;:{&quot;unit&quot;:&quot;px&quot;,&quot;size&quot;:&quot;&quot;,&quot;sizes&quot;:[]},&quot;_transform_scale_effect_tablet&quot;:{&quot;unit&quot;:&quot;px&quot;,&quot;size&quot;:&quot;&quot;,&quot;sizes&quot;:[]}}\" data-widget_type=\"heading.default\">\n\t\t\t\t<div class=\"elementor-widget-container\">\n\t\t\t<h2 class=\"elementor-heading-title elementor-size-default\">A family business from \u00c5ngermanland, Sweden<\/h2>\t\t<\/div>\n\t\t\t\t<\/div>\n\t\t\t\t\t<\/div>\n\t\t<\/div>\n\t\t\t\t\t<\/div>\n\t\t<\/section>\n\t\t\t\t<section class=\"elementor-section elementor-top-section elementor-element elementor-element-c1145d9 elementor-section-content-top elementor-section-boxed elementor-section-height-default elementor-section-height-default\" data-id=\"c1145d9\" data-element_type=\"section\" data-settings=\"{&quot;background_background&quot;:&quot;classic&quot;}\">\n\t\t\t\t\t\t<div class=\"elementor-container elementor-column-gap-default\">\n\t\t\t\t\t<div class=\"elementor-column elementor-col-50 elementor-top-column elementor-element elementor-element-cbfcd0a\" data-id=\"cbfcd0a\" data-element_type=\"column\" data-settings=\"{&quot;background_background&quot;:&quot;classic&quot;}\">\n\t\t\t<div class=\"elementor-widget-wrap elementor-element-populated\">\n\t\t\t\t\t\t<div class=\"elementor-element elementor-element-a609525 elementor-widget elementor-widget-text-editor\" data-id=\"a609525\" data-element_type=\"widget\" data-widget_type=\"text-editor.default\">\n\t\t\t\t<div class=\"elementor-widget-container\">\n\t\t\t\t\t\t\t<p><strong>With roots in northern Sweden and with clients throughout the Nordics, we create attractive, innovative and efficient interiors. We think grandfather Petrus would have been proud.<\/strong><\/p>\t\t\t\t\t\t<\/div>\n\t\t\t\t<\/div>\n\t\t\t\t<div class=\"elementor-element elementor-element-bbf26c4 elementor-widget elementor-widget-text-editor\" data-id=\"bbf26c4\" data-element_type=\"widget\" data-widget_type=\"text-editor.default\">\n\t\t\t\t<div class=\"elementor-widget-container\">\n\t\t\t\t\t\t\t<p><strong>PMI Hotel Interiors is a family business from \u00c5ngermanland, tracing its roots back to the pioneering spirit of the 1940s.<\/strong> It all started when the young Petrus Johansson, a railway worker\u2019s son, opened a general store in L\u00e5ngviksmon. He worked hard, with ambition and determination. By the 1950s he had transformed his small shop into a full-scale furniture store,&nbsp;<a href=\"https:\/\/www.stegbo.se\" target=\"_blank\" rel=\"noopener\">Stegbo M\u00f6bler<\/a>.<\/p>\n<p><strong>Furnishing on your own<\/strong> <br>In 1970, Petrus' sons joined the growing organisation. Two of them, Stig and Ulf, are still in charge of the interior design business today. From the beginning, the interior design projects were undertaken within Stegbo M\u00f6bler AB. Since 2007 all interior design has been conducted within a separate part of the group \u2013 PMI Hotel Interiors. In 2015, the family business got its third generation of entrepreneurs from \u00c5ngermanland when Kajsa Johansson returned home and started working as an interior designer and concept developer at PMI Hotel Interiors. Grandfather Petrus' spirit lives on.<\/p>\n<p><strong>Always in collaboration<\/strong> <br>The abbreviation PMI originally stands for Perfect Match Interior and underlines the matching, the good collaborations, which are the foundation of the company. We always work in collaboration with others. Partly with our clients and partly with the partners and suppliers, who constantly add the right competence for the assignments. You should always be able to trust that we do our utmost, both when it comes to creative interior design solutions and safe production and deliveries. This is another important cornerstone of our business and something we have carried with us throughout the years.<\/p>\n<p><strong>From northern Sweden to the entire Nordic region<\/strong> <br>With roots in \u00c5ngermanland and with clients throughout the whole Nordic region, we create attractive, innovative and effective interiors. In keeping with the pioneering spirit, we think new and work hard to build the hotel environments of the future. Grandfather Petrus would have been proud.<\/p>\t\t\t\t\t\t<\/div>\n\t\t\t\t<\/div>\n\t\t\t\t\t<\/div>\n\t\t<\/div>\n\t\t\t\t<div class=\"elementor-column elementor-col-50 elementor-top-column elementor-element elementor-element-425f864\" data-id=\"425f864\" data-element_type=\"column\">\n\t\t\t<div class=\"elementor-widget-wrap elementor-element-populated\">\n\t\t\t\t\t\t<div class=\"elementor-element elementor-element-de667b5 elementor-widget elementor-widget-image\" data-id=\"de667b5\" data-element_type=\"widget\" data-widget_type=\"image.default\">\n\t\t\t\t<div class=\"elementor-widget-container\">\n\t\t\t\t\t\t\t\t\t\t\t\t\t<img decoding=\"async\" src=\"https:\/\/www.pmiab.se\/wp-content\/uploads\/elementor\/thumbs\/Petrus-Johansson-300x300-1-q2wuucx8vr7xgw39l2lfwqyjks2mzelkov7abjhak8.png\" title=\"Petrus-Johansson-300&#215;300\" alt=\"Petrus-Johansson-300x300\" loading=\"lazy\" \/>\t\t\t\t\t\t\t\t\t\t\t\t\t<\/div>\n\t\t\t\t<\/div>\n\t\t\t\t<div class=\"elementor-element elementor-element-e9e3aee elementor-widget elementor-widget-text-editor\" data-id=\"e9e3aee\" data-element_type=\"widget\" data-widget_type=\"text-editor.default\">\n\t\t\t\t<div class=\"elementor-widget-container\">\n\t\t\t\t\t\t\t<p><b>Petrus<\/b><b> Johansson<\/b><br \/>Founder of Stegbo Furniture<\/p>\t\t\t\t\t\t<\/div>\n\t\t\t\t<\/div>\n\t\t\t\t\t<\/div>\n\t\t<\/div>\n\t\t\t\t\t<\/div>\n\t\t<\/section>\n\t\t\t\t<section class=\"elementor-section elementor-top-section elementor-element elementor-element-14f021b elementor-hidden-phone elementor-section-boxed elementor-section-height-default elementor-section-height-default\" data-id=\"14f021b\" data-element_type=\"section\" data-settings=\"{&quot;background_background&quot;:&quot;classic&quot;}\">\n\t\t\t\t\t\t<div class=\"elementor-container elementor-column-gap-default\">\n\t\t\t\t\t<div class=\"elementor-column elementor-col-100 elementor-top-column elementor-element elementor-element-37ee63e elementor-hidden-phone\" data-id=\"37ee63e\" data-element_type=\"column\">\n\t\t\t<div class=\"elementor-widget-wrap elementor-element-populated\">\n\t\t\t\t\t\t<div class=\"elementor-element elementor-element-c69d689 elementor-widget elementor-widget-text-editor\" data-id=\"c69d689\" data-element_type=\"widget\" data-widget_type=\"text-editor.default\">\n\t\t\t\t<div class=\"elementor-widget-container\">\n\t\t\t\t\t\t\t<p>A presentation of PMI Hotel Interior<\/p>\t\t\t\t\t\t<\/div>\n\t\t\t\t<\/div>\n\t\t\t\t\t<\/div>\n\t\t<\/div>\n\t\t\t\t\t<\/div>\n\t\t<\/section>\n\t\t\t\t<section class=\"elementor-section elementor-top-section elementor-element elementor-element-a85cd7d elementor-section-boxed elementor-section-height-default elementor-section-height-default\" data-id=\"a85cd7d\" data-element_type=\"section\" data-settings=\"{&quot;background_background&quot;:&quot;classic&quot;}\">\n\t\t\t\t\t\t<div class=\"elementor-container elementor-column-gap-default\">\n\t\t\t\t\t<div class=\"elementor-column elementor-col-100 elementor-top-column elementor-element elementor-element-bf421f3\" data-id=\"bf421f3\" data-element_type=\"column\" data-settings=\"{&quot;background_background&quot;:&quot;classic&quot;}\">\n\t\t\t<div class=\"elementor-widget-wrap elementor-element-populated\">\n\t\t\t\t\t\t<div class=\"elementor-element elementor-element-acb08ec elementor-widget elementor-widget-video\" data-id=\"acb08ec\" data-element_type=\"widget\" data-settings=\"{&quot;youtube_url&quot;:&quot;https:\\\/\\\/www.youtube.com\\\/watch?v=bphPG2jwUKQ&quot;,&quot;end&quot;:35,&quot;video_type&quot;:&quot;youtube&quot;,&quot;controls&quot;:&quot;yes&quot;}\" data-widget_type=\"video.default\">\n\t\t\t\t<div class=\"elementor-widget-container\">\n\t\t\t\t\t<div class=\"elementor-wrapper elementor-open-inline\">\n\t\t\t<div class=\"elementor-video\"><\/div>\t\t<\/div>\n\t\t\t\t<\/div>\n\t\t\t\t<\/div>\n\t\t\t\t<div class=\"elementor-element elementor-element-55e7a47 elementor-hidden-mobile elementor-widget elementor-widget-spacer\" data-id=\"55e7a47\" data-element_type=\"widget\" data-widget_type=\"spacer.default\">\n\t\t\t\t<div class=\"elementor-widget-container\">\n\t\t\t\t\t<div class=\"elementor-spacer\">\n\t\t\t<div class=\"elementor-spacer-inner\"><\/div>\n\t\t<\/div>\n\t\t\t\t<\/div>\n\t\t\t\t<\/div>\n\t\t\t\t\t<\/div>\n\t\t<\/div>\n\t\t\t\t\t<\/div>\n\t\t<\/section>\n\t\t\t\t<section class=\"elementor-section elementor-top-section elementor-element elementor-element-9484e36 elementor-section-boxed elementor-section-height-default elementor-section-height-default\" data-id=\"9484e36\" data-element_type=\"section\" data-settings=\"{&quot;background_background&quot;:&quot;classic&quot;}\">\n\t\t\t\t\t\t\t<div class=\"elementor-background-overlay\"><\/div>\n\t\t\t\t\t\t\t<div class=\"elementor-container elementor-column-gap-default\">\n\t\t\t\t\t<div class=\"elementor-column elementor-col-50 elementor-top-column elementor-element elementor-element-050ecd8\" data-id=\"050ecd8\" data-element_type=\"column\">\n\t\t\t<div class=\"elementor-widget-wrap elementor-element-populated\">\n\t\t\t\t\t\t<div class=\"elementor-element elementor-element-d407908 elementor-widget elementor-widget-text-editor\" data-id=\"d407908\" data-element_type=\"widget\" data-widget_type=\"text-editor.default\">\n\t\t\t\t<div class=\"elementor-widget-container\">\n\t\t\t\t\t\t\t<p><strong>Perfect Match Interior AB<\/strong><br \/><strong>Lomv\u00e4gen 2<\/strong><br \/><strong>SE-897 91 L\u00e5ngviksmon<\/strong><\/p><p><strong>0662-51 21 40<\/strong><br \/><strong><a href=\"mailto:info@pmiab.se\">info@pmiab.se<\/a><\/strong><\/p>\t\t\t\t\t\t<\/div>\n\t\t\t\t<\/div>\n\t\t\t\t\t<\/div>\n\t\t<\/div>\n\t\t\t\t<div class=\"elementor-column elementor-col-50 elementor-top-column elementor-element elementor-element-4333092\" data-id=\"4333092\" data-element_type=\"column\">\n\t\t\t<div class=\"elementor-widget-wrap elementor-element-populated\">\n\t\t\t\t\t\t<section class=\"elementor-section elementor-inner-section elementor-element elementor-element-b4e7b04 elementor-section-boxed elementor-section-height-default elementor-section-height-default\" data-id=\"b4e7b04\" data-element_type=\"section\">\n\t\t\t\t\t\t<div class=\"elementor-container elementor-column-gap-default\">\n\t\t\t\t\t<div class=\"elementor-column elementor-col-100 elementor-inner-column elementor-element elementor-element-4da2837\" data-id=\"4da2837\" data-element_type=\"column\">\n\t\t\t<div class=\"elementor-widget-wrap elementor-element-populated\">\n\t\t\t\t\t\t<div class=\"elementor-element elementor-element-86e8dcf elementor-shape-rounded elementor-grid-0 e-grid-align-center elementor-widget elementor-widget-social-icons\" data-id=\"86e8dcf\" data-element_type=\"widget\" data-widget_type=\"social-icons.default\">\n\t\t\t\t<div class=\"elementor-widget-container\">\n\t\t\t\t\t<div class=\"elementor-social-icons-wrapper elementor-grid\">\n\t\t\t\t\t\t\t<span class=\"elementor-grid-item\">\n\t\t\t\t\t<a class=\"elementor-icon elementor-social-icon elementor-social-icon-facebook elementor-repeater-item-872e592\" href=\"https:\/\/www.facebook.com\/PMIHotellinterior\/about\" target=\"_blank\" rel=\"noopener\">\n\t\t\t\t\t\t<span class=\"elementor-screen-only\">Facebook<\/span>\n\t\t\t\t\t\t<i class=\"fab fa-facebook\"><\/i>\t\t\t\t\t<\/a>\n\t\t\t\t<\/span>\n\t\t\t\t\t\t\t<span class=\"elementor-grid-item\">\n\t\t\t\t\t<a class=\"elementor-icon elementor-social-icon elementor-social-icon-instagram elementor-repeater-item-0186371\" href=\"https:\/\/www.instagram.com\/pmi_hotellinterior\" target=\"_blank\" rel=\"noopener\">\n\t\t\t\t\t\t<span class=\"elementor-screen-only\">Instagram<\/span>\n\t\t\t\t\t\t<i class=\"fab fa-instagram\"><\/i>\t\t\t\t\t<\/a>\n\t\t\t\t<\/span>\n\t\t\t\t\t\t\t<span class=\"elementor-grid-item\">\n\t\t\t\t\t<a class=\"elementor-icon elementor-social-icon elementor-social-icon-youtube elementor-repeater-item-3f89637\" href=\"https:\/\/www.youtube.com\/@pmihotellinterior6111\" target=\"_blank\" rel=\"noopener\">\n\t\t\t\t\t\t<span class=\"elementor-screen-only\">Youtube<\/span>\n\t\t\t\t\t\t<i class=\"fab fa-youtube\"><\/i>\t\t\t\t\t<\/a>\n\t\t\t\t<\/span>\n\t\t\t\t\t<\/div>\n\t\t\t\t<\/div>\n\t\t\t\t<\/div>\n\t\t\t\t\t<\/div>\n\t\t<\/div>\n\t\t\t\t\t<\/div>\n\t\t<\/section>\n\t\t\t\t<div class=\"elementor-element elementor-element-b7f930f elementor-widget elementor-widget-text-editor\" data-id=\"b7f930f\" data-element_type=\"widget\" data-widget_type=\"text-editor.default\">\n\t\t\t\t<div class=\"elementor-widget-container\">\n\t\t\t\t\t\t\t<p><strong>F\u00f6lj oss i v\u00e5ra sociala kanaler!<\/strong><\/p>\t\t\t\t\t\t<\/div>\n\t\t\t\t<\/div>\n\t\t\t\t\t<\/div>\n\t\t<\/div>\n\t\t\t\t\t<\/div>\n\t\t<\/section>\n\t\t\t\t<\/div>","protected":false},"excerpt":{"rendered":"<p>Ett familjef\u00f6retag fr\u00e5n \u00c5ngermanland\u200b Med r\u00f6tterna i Norrland och med uppdragsgivare i hela Norden skapar vi attraktiva, innovativa och effektiva inredningar. Vi tror att farfar Petrus skulle ha varit stolt. PMI hotellinteri\u00f6r \u00e4r ett \u00e5ngermanl\u00e4ndskt familjef\u00f6retag, med r\u00f6tterna i 1940-talets nybyggaranda. Allt b\u00f6rjade med att den unge banvaktarsonen Petrus Johansson startade en diversehandel i L\u00e5ngviksmon. [&hellip;]<\/p>\n","protected":false},"author":1,"featured_media":0,"parent":0,"menu_order":0,"comment_status":"closed","ping_status":"closed","template":"","meta":[],"_links":{"self":[{"href":"https:\/\/www.pmiab.se\/en\/wp-json\/wp\/v2\/pages\/115"}],"collection":[{"href":"https:\/\/www.pmiab.se\/en\/wp-json\/wp\/v2\/pages"}],"about":[{"href":"https:\/\/www.pmiab.se\/en\/wp-json\/wp\/v2\/types\/page"}],"author":[{"embeddable":true,"href":"https:\/\/www.pmiab.se\/en\/wp-json\/wp\/v2\/users\/1"}],"replies":[{"embeddable":true,"href":"https:\/\/www.pmiab.se\/en\/wp-json\/wp\/v2\/comments?post=115"}],"version-history":[{"count":3,"href":"https:\/\/www.pmiab.se\/en\/wp-json\/wp\/v2\/pages\/115\/revisions"}],"predecessor-version":[{"id":4301,"href":"https:\/\/www.pmiab.se\/en\/wp-json\/wp\/v2\/pages\/115\/revisions\/4301"}],"wp:attachment":[{"href":"https:\/\/www.pmiab.se\/en\/wp-json\/wp\/v2\/media?parent=115"}],"curies":[{"name":"wp","href":"https:\/\/api.w.org\/{rel}","templated":true}]}}