{"id":262,"date":"2020-03-17T20:15:25","date_gmt":"2020-03-17T20:15:25","guid":{"rendered":"https:\/\/www.pmiab.se\/?page_id=262"},"modified":"2021-04-28T08:53:38","modified_gmt":"2021-04-28T08:53:38","slug":"referens-quality-hotel-lapland","status":"publish","type":"page","link":"https:\/\/www.pmiab.se\/en\/referens-quality-hotel-lapland\/","title":{"rendered":"REFERENS &#8211; QUALITY HOTEL LAPLAND | PMI"},"content":{"rendered":"<div data-elementor-type=\"wp-page\" data-elementor-id=\"262\" class=\"elementor elementor-262\">\n\t\t\t\t\t\t<section class=\"elementor-section elementor-top-section elementor-element elementor-element-60378e9 elementor-section-stretched elementor-section-full_width elementor-section-height-min-height elementor-section-height-default elementor-section-items-middle\" data-id=\"60378e9\" data-element_type=\"section\" data-settings=\"{&quot;background_background&quot;:&quot;classic&quot;,&quot;stretch_section&quot;:&quot;section-stretched&quot;}\">\n\t\t\t\t\t\t<div class=\"elementor-container elementor-column-gap-default\">\n\t\t\t\t\t<div class=\"elementor-column elementor-col-100 elementor-top-column elementor-element elementor-element-10303ab elementor-invisible\" data-id=\"10303ab\" data-element_type=\"column\" data-settings=\"{&quot;background_background&quot;:&quot;classic&quot;,&quot;animation&quot;:&quot;fadeIn&quot;}\">\n\t\t\t<div class=\"elementor-widget-wrap elementor-element-populated\">\n\t\t\t\t\t\t<div class=\"elementor-element elementor-element-eaaabf3 elementor-widget elementor-widget-spacer\" data-id=\"eaaabf3\" data-element_type=\"widget\" data-widget_type=\"spacer.default\">\n\t\t\t\t<div class=\"elementor-widget-container\">\n\t\t\t\t\t<div class=\"elementor-spacer\">\n\t\t\t<div class=\"elementor-spacer-inner\"><\/div>\n\t\t<\/div>\n\t\t\t\t<\/div>\n\t\t\t\t<\/div>\n\t\t\t\t\t<\/div>\n\t\t<\/div>\n\t\t\t\t\t<\/div>\n\t\t<\/section>\n\t\t\t\t<section class=\"elementor-section elementor-top-section elementor-element elementor-element-028134e elementor-section-boxed elementor-section-height-default elementor-section-height-default\" data-id=\"028134e\" data-element_type=\"section\" data-settings=\"{&quot;background_background&quot;:&quot;classic&quot;}\">\n\t\t\t\t\t\t<div class=\"elementor-container elementor-column-gap-default\">\n\t\t\t\t\t<div class=\"elementor-column elementor-col-50 elementor-top-column elementor-element elementor-element-674baad\" data-id=\"674baad\" data-element_type=\"column\">\n\t\t\t<div class=\"elementor-widget-wrap elementor-element-populated\">\n\t\t\t\t\t\t<div class=\"elementor-element elementor-element-cdcaf5d elementor-widget elementor-widget-text-editor\" data-id=\"cdcaf5d\" data-element_type=\"widget\" data-widget_type=\"text-editor.default\">\n\t\t\t\t<div class=\"elementor-widget-container\">\n\t\t\t\t\t\t\t<p>170 modern rooms with<\/p><p>AN UNBEATABLE VIEW<\/p>\t\t\t\t\t\t<\/div>\n\t\t\t\t<\/div>\n\t\t\t\t\t<\/div>\n\t\t<\/div>\n\t\t\t\t<div class=\"elementor-column elementor-col-50 elementor-top-column elementor-element elementor-element-425f864\" data-id=\"425f864\" data-element_type=\"column\">\n\t\t\t<div class=\"elementor-widget-wrap elementor-element-populated\">\n\t\t\t\t\t\t\t<\/div>\n\t\t<\/div>\n\t\t\t\t\t<\/div>\n\t\t<\/section>\n\t\t\t\t<section class=\"elementor-section elementor-top-section elementor-element elementor-element-c1145d9 elementor-section-boxed elementor-section-height-default elementor-section-height-default\" data-id=\"c1145d9\" data-element_type=\"section\" data-settings=\"{&quot;background_background&quot;:&quot;classic&quot;}\">\n\t\t\t\t\t\t<div class=\"elementor-container elementor-column-gap-default\">\n\t\t\t\t\t<div class=\"elementor-column elementor-col-50 elementor-top-column elementor-element elementor-element-cbfcd0a\" data-id=\"cbfcd0a\" data-element_type=\"column\">\n\t\t\t<div class=\"elementor-widget-wrap elementor-element-populated\">\n\t\t\t\t\t\t<div class=\"elementor-element elementor-element-bbf26c4 elementor-widget elementor-widget-text-editor\" data-id=\"bbf26c4\" data-element_type=\"widget\" data-widget_type=\"text-editor.default\">\n\t\t\t\t<div class=\"elementor-widget-container\">\n\t\t\t\t\t\t\t<p>PMI were entrusted with the procurement and delivery of all interior design for the new Grand Hotel Lapland, in G\u00e4llivare.<\/p>\n<p><strong>The hotel's extension consists of 8 floors and 16,000 m<sup>2<\/sup>,<\/strong> where we in collaboration worked on planning the interior and environment in all areas of the extension.<\/p>\n<p><strong>A large project<\/strong> that has given the first-class hotel another 56 exclusive hotel rooms (there are a total of 176 in the hotel). Today there is also a bowling alley with 8 lanes, a Pub, Disco, Caf\u00e9, Reception, Restaurant and Steak House, Conference floor, GYM floor, and the SPA &amp; Relax area on the 7<sup>th<\/sup> floor. At the top on the roof is the Skybar, Swimming pool and Jacuzzi \u2013 all of the highest class.<\/p>\n<p><strong>Interior architect Olle Salmonsson<\/strong> worked on the communal areas in the project, and our work was founded on excellent base data provided by MAF Arkitekter.<\/p>\n<p><strong>Here you can really enjoy summer and winter, sun, snow and northern lights \u2013 everything for a good life.<\/strong><\/p>\t\t\t\t\t\t<\/div>\n\t\t\t\t<\/div>\n\t\t\t\t\t<\/div>\n\t\t<\/div>\n\t\t\t\t<div class=\"elementor-column elementor-col-50 elementor-top-column elementor-element elementor-element-533e2cb\" data-id=\"533e2cb\" data-element_type=\"column\">\n\t\t\t<div class=\"elementor-widget-wrap elementor-element-populated\">\n\t\t\t\t\t\t<div class=\"elementor-element elementor-element-187cf5b elementor-arrows-position-inside elementor-pagination-position-outside elementor-widget elementor-widget-image-carousel\" data-id=\"187cf5b\" data-element_type=\"widget\" data-settings=\"{&quot;slides_to_show&quot;:&quot;2&quot;,&quot;slides_to_scroll&quot;:&quot;2&quot;,&quot;speed&quot;:1500,&quot;navigation&quot;:&quot;both&quot;,&quot;autoplay&quot;:&quot;yes&quot;,&quot;pause_on_hover&quot;:&quot;yes&quot;,&quot;pause_on_interaction&quot;:&quot;yes&quot;,&quot;autoplay_speed&quot;:5000,&quot;infinite&quot;:&quot;yes&quot;}\" data-widget_type=\"image-carousel.default\">\n\t\t\t\t<div class=\"elementor-widget-container\">\n\t\t\t\t\t<div class=\"elementor-image-carousel-wrapper swiper\" dir=\"ltr\">\n\t\t\t<div class=\"elementor-image-carousel swiper-wrapper\" aria-live=\"off\">\n\t\t\t\t\t\t\t\t<div class=\"swiper-slide\" role=\"group\" aria-roledescription=\"slide\" aria-label=\"1 of 7\"><a data-elementor-open-lightbox=\"yes\" data-elementor-lightbox-slideshow=\"187cf5b\" data-elementor-lightbox-title=\"Quality_hotel_lapland_01\" data-e-action-hash=\"#elementor-action%3Aaction%3Dlightbox%26settings%3DeyJpZCI6MjY1LCJ1cmwiOiJodHRwczpcL1wvd3d3LnBtaWFiLnNlXC93cC1jb250ZW50XC91cGxvYWRzXC8yMDIwXC8wM1wvUXVhbGl0eV9ob3RlbF9sYXBsYW5kXzAxLmpwZyIsInNsaWRlc2hvdyI6IjE4N2NmNWIifQ%3D%3D\" href=\"https:\/\/www.pmiab.se\/wp-content\/uploads\/2020\/03\/Quality_hotel_lapland_01.jpg\"><figure class=\"swiper-slide-inner\"><img decoding=\"async\" class=\"swiper-slide-image\" src=\"https:\/\/www.pmiab.se\/wp-content\/uploads\/2020\/03\/Quality_hotel_lapland_01-150x150.jpg\" alt=\"Quality_hotel_lapland_01\" \/><\/figure><\/a><\/div><div class=\"swiper-slide\" role=\"group\" aria-roledescription=\"slide\" aria-label=\"2 of 7\"><a data-elementor-open-lightbox=\"yes\" data-elementor-lightbox-slideshow=\"187cf5b\" data-elementor-lightbox-title=\"Quality_hotel_lapland_02\" data-e-action-hash=\"#elementor-action%3Aaction%3Dlightbox%26settings%3DeyJpZCI6MjY2LCJ1cmwiOiJodHRwczpcL1wvd3d3LnBtaWFiLnNlXC93cC1jb250ZW50XC91cGxvYWRzXC8yMDIwXC8wM1wvUXVhbGl0eV9ob3RlbF9sYXBsYW5kXzAyLmpwZyIsInNsaWRlc2hvdyI6IjE4N2NmNWIifQ%3D%3D\" href=\"https:\/\/www.pmiab.se\/wp-content\/uploads\/2020\/03\/Quality_hotel_lapland_02.jpg\"><figure class=\"swiper-slide-inner\"><img decoding=\"async\" class=\"swiper-slide-image\" src=\"https:\/\/www.pmiab.se\/wp-content\/uploads\/2020\/03\/Quality_hotel_lapland_02-150x150.jpg\" alt=\"Quality_hotel_lapland_02\" \/><\/figure><\/a><\/div><div class=\"swiper-slide\" role=\"group\" aria-roledescription=\"slide\" aria-label=\"3 of 7\"><a data-elementor-open-lightbox=\"yes\" data-elementor-lightbox-slideshow=\"187cf5b\" data-elementor-lightbox-title=\"Quality_hotel_lapland_03\" data-e-action-hash=\"#elementor-action%3Aaction%3Dlightbox%26settings%3DeyJpZCI6MjY3LCJ1cmwiOiJodHRwczpcL1wvd3d3LnBtaWFiLnNlXC93cC1jb250ZW50XC91cGxvYWRzXC8yMDIwXC8wM1wvUXVhbGl0eV9ob3RlbF9sYXBsYW5kXzAzLmpwZyIsInNsaWRlc2hvdyI6IjE4N2NmNWIifQ%3D%3D\" href=\"https:\/\/www.pmiab.se\/wp-content\/uploads\/2020\/03\/Quality_hotel_lapland_03.jpg\"><figure class=\"swiper-slide-inner\"><img decoding=\"async\" class=\"swiper-slide-image\" src=\"https:\/\/www.pmiab.se\/wp-content\/uploads\/2020\/03\/Quality_hotel_lapland_03-150x150.jpg\" alt=\"Quality_hotel_lapland_03\" \/><\/figure><\/a><\/div><div class=\"swiper-slide\" role=\"group\" aria-roledescription=\"slide\" aria-label=\"4 of 7\"><a data-elementor-open-lightbox=\"yes\" data-elementor-lightbox-slideshow=\"187cf5b\" data-elementor-lightbox-title=\"Quality_hotel_lapland_04\" data-e-action-hash=\"#elementor-action%3Aaction%3Dlightbox%26settings%3DeyJpZCI6MjY4LCJ1cmwiOiJodHRwczpcL1wvd3d3LnBtaWFiLnNlXC93cC1jb250ZW50XC91cGxvYWRzXC8yMDIwXC8wM1wvUXVhbGl0eV9ob3RlbF9sYXBsYW5kXzA0LmpwZyIsInNsaWRlc2hvdyI6IjE4N2NmNWIifQ%3D%3D\" href=\"https:\/\/www.pmiab.se\/wp-content\/uploads\/2020\/03\/Quality_hotel_lapland_04.jpg\"><figure class=\"swiper-slide-inner\"><img decoding=\"async\" class=\"swiper-slide-image\" src=\"https:\/\/www.pmiab.se\/wp-content\/uploads\/2020\/03\/Quality_hotel_lapland_04-150x150.jpg\" alt=\"Quality_hotel_lapland_04\" \/><\/figure><\/a><\/div><div class=\"swiper-slide\" role=\"group\" aria-roledescription=\"slide\" aria-label=\"5 of 7\"><a data-elementor-open-lightbox=\"yes\" data-elementor-lightbox-slideshow=\"187cf5b\" data-elementor-lightbox-title=\"QR_Lapland_Gruvan_hyrbastu\" data-e-action-hash=\"#elementor-action%3Aaction%3Dlightbox%26settings%3DeyJpZCI6MjcyLCJ1cmwiOiJodHRwczpcL1wvd3d3LnBtaWFiLnNlXC93cC1jb250ZW50XC91cGxvYWRzXC8yMDIwXC8wM1wvUVJfTGFwbGFuZF9HcnV2YW5faHlyYmFzdHUuanBlZyIsInNsaWRlc2hvdyI6IjE4N2NmNWIifQ%3D%3D\" href=\"https:\/\/www.pmiab.se\/wp-content\/uploads\/2020\/03\/QR_Lapland_Gruvan_hyrbastu.jpeg\"><figure class=\"swiper-slide-inner\"><img decoding=\"async\" class=\"swiper-slide-image\" src=\"https:\/\/www.pmiab.se\/wp-content\/uploads\/2020\/03\/QR_Lapland_Gruvan_hyrbastu-150x150.jpeg\" alt=\"QR_Lapland_Gruvan_hyrbastu\" \/><\/figure><\/a><\/div><div class=\"swiper-slide\" role=\"group\" aria-roledescription=\"slide\" aria-label=\"6 of 7\"><a data-elementor-open-lightbox=\"yes\" data-elementor-lightbox-slideshow=\"187cf5b\" data-elementor-lightbox-title=\"QR_Lapland_NSTT Suite Twin Bed_3\" data-e-action-hash=\"#elementor-action%3Aaction%3Dlightbox%26settings%3DeyJpZCI6MjczLCJ1cmwiOiJodHRwczpcL1wvd3d3LnBtaWFiLnNlXC93cC1jb250ZW50XC91cGxvYWRzXC8yMDIwXC8wM1wvUVJfTGFwbGFuZF9OU1RULVN1aXRlLVR3aW4tQmVkXzMuanBnIiwic2xpZGVzaG93IjoiMTg3Y2Y1YiJ9\" href=\"https:\/\/www.pmiab.se\/wp-content\/uploads\/2020\/03\/QR_Lapland_NSTT-Suite-Twin-Bed_3.jpg\"><figure class=\"swiper-slide-inner\"><img decoding=\"async\" class=\"swiper-slide-image\" src=\"https:\/\/www.pmiab.se\/wp-content\/uploads\/2020\/03\/QR_Lapland_NSTT-Suite-Twin-Bed_3-150x150.jpg\" alt=\"QR_Lapland_NSTT Suite Twin Bed_3\" \/><\/figure><\/a><\/div><div class=\"swiper-slide\" role=\"group\" aria-roledescription=\"slide\" aria-label=\"7 of 7\"><a data-elementor-open-lightbox=\"yes\" data-elementor-lightbox-slideshow=\"187cf5b\" data-elementor-lightbox-title=\"QR_Lapland_NT1 Superior Single_6\" data-e-action-hash=\"#elementor-action%3Aaction%3Dlightbox%26settings%3DeyJpZCI6Mjc0LCJ1cmwiOiJodHRwczpcL1wvd3d3LnBtaWFiLnNlXC93cC1jb250ZW50XC91cGxvYWRzXC8yMDIwXC8wM1wvUVJfTGFwbGFuZF9OVDEtU3VwZXJpb3ItU2luZ2xlXzYuanBnIiwic2xpZGVzaG93IjoiMTg3Y2Y1YiJ9\" href=\"https:\/\/www.pmiab.se\/wp-content\/uploads\/2020\/03\/QR_Lapland_NT1-Superior-Single_6.jpg\"><figure class=\"swiper-slide-inner\"><img decoding=\"async\" class=\"swiper-slide-image\" src=\"https:\/\/www.pmiab.se\/wp-content\/uploads\/2020\/03\/QR_Lapland_NT1-Superior-Single_6-150x150.jpg\" alt=\"QR_Lapland_NT1 Superior Single_6\" \/><\/figure><\/a><\/div>\t\t\t<\/div>\n\t\t\t\t\t\t\t\t\t\t\t\t<div class=\"elementor-swiper-button elementor-swiper-button-prev\" role=\"button\" tabindex=\"0\">\n\t\t\t\t\t\t<i aria-hidden=\"true\" class=\"eicon-chevron-left\"><\/i>\t\t\t\t\t<\/div>\n\t\t\t\t\t<div class=\"elementor-swiper-button elementor-swiper-button-next\" role=\"button\" tabindex=\"0\">\n\t\t\t\t\t\t<i aria-hidden=\"true\" class=\"eicon-chevron-right\"><\/i>\t\t\t\t\t<\/div>\n\t\t\t\t\n\t\t\t\t\t\t\t\t\t<div class=\"swiper-pagination\"><\/div>\n\t\t\t\t\t\t\t\t\t<\/div>\n\t\t\t\t<\/div>\n\t\t\t\t<\/div>\n\t\t\t\t\t<\/div>\n\t\t<\/div>\n\t\t\t\t\t<\/div>\n\t\t<\/section>\n\t\t\t\t<section class=\"elementor-section elementor-top-section elementor-element elementor-element-ef05a63 elementor-section-boxed elementor-section-height-default elementor-section-height-default\" data-id=\"ef05a63\" data-element_type=\"section\">\n\t\t\t\t\t\t<div class=\"elementor-container elementor-column-gap-default\">\n\t\t\t\t\t<div class=\"elementor-column elementor-col-100 elementor-top-column elementor-element elementor-element-2ee3327\" data-id=\"2ee3327\" data-element_type=\"column\">\n\t\t\t<div class=\"elementor-widget-wrap elementor-element-populated\">\n\t\t\t\t\t\t<div class=\"elementor-element elementor-element-a98a957 elementor-widget elementor-widget-video\" data-id=\"a98a957\" data-element_type=\"widget\" data-settings=\"{&quot;youtube_url&quot;:&quot;https:\\\/\\\/youtu.be\\\/XeDSIdTx298&quot;,&quot;video_type&quot;:&quot;youtube&quot;,&quot;controls&quot;:&quot;yes&quot;}\" data-widget_type=\"video.default\">\n\t\t\t\t<div class=\"elementor-widget-container\">\n\t\t\t\t\t<div class=\"elementor-wrapper elementor-open-inline\">\n\t\t\t<div class=\"elementor-video\"><\/div>\t\t<\/div>\n\t\t\t\t<\/div>\n\t\t\t\t<\/div>\n\t\t\t\t\t<\/div>\n\t\t<\/div>\n\t\t\t\t\t<\/div>\n\t\t<\/section>\n\t\t\t\t<section class=\"elementor-section elementor-top-section elementor-element elementor-element-deddc4d elementor-section-boxed elementor-section-height-default elementor-section-height-default\" data-id=\"deddc4d\" data-element_type=\"section\">\n\t\t\t\t\t\t<div class=\"elementor-container elementor-column-gap-default\">\n\t\t\t\t\t<div class=\"elementor-column elementor-col-100 elementor-top-column elementor-element elementor-element-89a1a06\" data-id=\"89a1a06\" data-element_type=\"column\">\n\t\t\t<div class=\"elementor-widget-wrap elementor-element-populated\">\n\t\t\t\t\t\t<div class=\"elementor-element elementor-element-e2aef36 elementor-hidden-desktop elementor-hidden-tablet elementor-widget elementor-widget-spacer\" data-id=\"e2aef36\" data-element_type=\"widget\" data-widget_type=\"spacer.default\">\n\t\t\t\t<div class=\"elementor-widget-container\">\n\t\t\t\t\t<div class=\"elementor-spacer\">\n\t\t\t<div class=\"elementor-spacer-inner\"><\/div>\n\t\t<\/div>\n\t\t\t\t<\/div>\n\t\t\t\t<\/div>\n\t\t\t\t\t<\/div>\n\t\t<\/div>\n\t\t\t\t\t<\/div>\n\t\t<\/section>\n\t\t\t\t<\/div>","protected":false},"excerpt":{"rendered":"<p>170 moderna rum med OSLAGBAR UTSIKT PMI fick f\u00f6rtroendet att jobba med upphandling och leverans av all inredning till nya Grand Hotel Lapland, i G\u00e4llivare. Hotellets tillbyggnad best\u00e5r av hela 8 v\u00e5ningar och 16 000 kvm, d\u00e4r vi i samarbete med best\u00e4llaren jobbat med planering av Inredning och Milj\u00f6 i utbyggnadens alla lokaler. Ett stort [&hellip;]<\/p>\n","protected":false},"author":1,"featured_media":0,"parent":0,"menu_order":0,"comment_status":"closed","ping_status":"closed","template":"","meta":[],"_links":{"self":[{"href":"https:\/\/www.pmiab.se\/en\/wp-json\/wp\/v2\/pages\/262"}],"collection":[{"href":"https:\/\/www.pmiab.se\/en\/wp-json\/wp\/v2\/pages"}],"about":[{"href":"https:\/\/www.pmiab.se\/en\/wp-json\/wp\/v2\/types\/page"}],"author":[{"embeddable":true,"href":"https:\/\/www.pmiab.se\/en\/wp-json\/wp\/v2\/users\/1"}],"replies":[{"embeddable":true,"href":"https:\/\/www.pmiab.se\/en\/wp-json\/wp\/v2\/comments?post=262"}],"version-history":[{"count":3,"href":"https:\/\/www.pmiab.se\/en\/wp-json\/wp\/v2\/pages\/262\/revisions"}],"predecessor-version":[{"id":2533,"href":"https:\/\/www.pmiab.se\/en\/wp-json\/wp\/v2\/pages\/262\/revisions\/2533"}],"wp:attachment":[{"href":"https:\/\/www.pmiab.se\/en\/wp-json\/wp\/v2\/media?parent=262"}],"curies":[{"name":"wp","href":"https:\/\/api.w.org\/{rel}","templated":true}]}}