{"id":276,"date":"2020-03-17T20:32:27","date_gmt":"2020-03-17T20:32:27","guid":{"rendered":"https:\/\/www.pmiab.se\/?page_id=276"},"modified":"2021-04-28T08:53:10","modified_gmt":"2021-04-28T08:53:10","slug":"referens-hotel-birger-jarl","status":"publish","type":"page","link":"https:\/\/www.pmiab.se\/en\/referens-hotel-birger-jarl\/","title":{"rendered":"REFERENS &#8211; HOTEL BIRGER JARL | PMI"},"content":{"rendered":"<div data-elementor-type=\"wp-page\" data-elementor-id=\"276\" class=\"elementor elementor-276\">\n\t\t\t\t\t\t<section class=\"elementor-section elementor-top-section elementor-element elementor-element-60378e9 elementor-section-stretched elementor-section-full_width elementor-section-height-min-height elementor-section-height-default elementor-section-items-middle\" data-id=\"60378e9\" data-element_type=\"section\" data-settings=\"{&quot;background_background&quot;:&quot;classic&quot;,&quot;stretch_section&quot;:&quot;section-stretched&quot;}\">\n\t\t\t\t\t\t<div class=\"elementor-container elementor-column-gap-default\">\n\t\t\t\t\t<div class=\"elementor-column elementor-col-100 elementor-top-column elementor-element elementor-element-10303ab elementor-invisible\" data-id=\"10303ab\" data-element_type=\"column\" data-settings=\"{&quot;background_background&quot;:&quot;classic&quot;,&quot;animation&quot;:&quot;fadeIn&quot;}\">\n\t\t\t<div class=\"elementor-widget-wrap elementor-element-populated\">\n\t\t\t\t\t\t<div class=\"elementor-element elementor-element-eaaabf3 elementor-widget elementor-widget-spacer\" data-id=\"eaaabf3\" data-element_type=\"widget\" data-widget_type=\"spacer.default\">\n\t\t\t\t<div class=\"elementor-widget-container\">\n\t\t\t\t\t<div class=\"elementor-spacer\">\n\t\t\t<div class=\"elementor-spacer-inner\"><\/div>\n\t\t<\/div>\n\t\t\t\t<\/div>\n\t\t\t\t<\/div>\n\t\t\t\t\t<\/div>\n\t\t<\/div>\n\t\t\t\t\t<\/div>\n\t\t<\/section>\n\t\t\t\t<section class=\"elementor-section elementor-top-section elementor-element elementor-element-028134e elementor-section-boxed elementor-section-height-default elementor-section-height-default\" data-id=\"028134e\" data-element_type=\"section\" data-settings=\"{&quot;background_background&quot;:&quot;classic&quot;}\">\n\t\t\t\t\t\t<div class=\"elementor-container elementor-column-gap-default\">\n\t\t\t\t\t<div class=\"elementor-column elementor-col-50 elementor-top-column elementor-element elementor-element-674baad\" data-id=\"674baad\" data-element_type=\"column\">\n\t\t\t<div class=\"elementor-widget-wrap elementor-element-populated\">\n\t\t\t\t\t\t<div class=\"elementor-element elementor-element-cdcaf5d elementor-widget elementor-widget-text-editor\" data-id=\"cdcaf5d\" data-element_type=\"widget\" data-widget_type=\"text-editor.default\">\n\t\t\t\t<div class=\"elementor-widget-container\">\n\t\t\t\t\t\t\t<p>New solutions for<\/p><p>NEW CHALLENGES<\/p>\t\t\t\t\t\t<\/div>\n\t\t\t\t<\/div>\n\t\t\t\t\t<\/div>\n\t\t<\/div>\n\t\t\t\t<div class=\"elementor-column elementor-col-50 elementor-top-column elementor-element elementor-element-425f864\" data-id=\"425f864\" data-element_type=\"column\">\n\t\t\t<div class=\"elementor-widget-wrap elementor-element-populated\">\n\t\t\t\t\t\t\t<\/div>\n\t\t<\/div>\n\t\t\t\t\t<\/div>\n\t\t<\/section>\n\t\t\t\t<section class=\"elementor-section elementor-top-section elementor-element elementor-element-c1145d9 elementor-section-boxed elementor-section-height-default elementor-section-height-default\" data-id=\"c1145d9\" data-element_type=\"section\" data-settings=\"{&quot;background_background&quot;:&quot;classic&quot;}\">\n\t\t\t\t\t\t<div class=\"elementor-container elementor-column-gap-default\">\n\t\t\t\t\t<div class=\"elementor-column elementor-col-50 elementor-top-column elementor-element elementor-element-cbfcd0a\" data-id=\"cbfcd0a\" data-element_type=\"column\">\n\t\t\t<div class=\"elementor-widget-wrap elementor-element-populated\">\n\t\t\t\t\t\t<div class=\"elementor-element elementor-element-bbf26c4 elementor-widget elementor-widget-text-editor\" data-id=\"bbf26c4\" data-element_type=\"widget\" data-widget_type=\"text-editor.default\">\n\t\t\t\t<div class=\"elementor-widget-container\">\n\t\t\t\t\t\t\t<p><strong>Hotel Birger Jarl is a client we have worked with for many years.<\/strong> PMI's assignments have varied from handling concepts and interior design, to taking total responsibility for the entire renovation process.<\/p><p><strong>We at PMI make sure to take care of the old interior<\/strong> \u2013 demolish, relocate, renovate floors, walls and ceilings \u2013 and handle logistics for the import of building materials and development of new interiors.<\/p><p><strong>When choosing products and materials,<\/strong> we take into account design, environmental and maintenance issues. Since 2011, hundreds of hotel rooms of different sizes and characters, have been upgraded to an elegant Scandinavian design with attitude.<\/p>\t\t\t\t\t\t<\/div>\n\t\t\t\t<\/div>\n\t\t\t\t\t<\/div>\n\t\t<\/div>\n\t\t\t\t<div class=\"elementor-column elementor-col-50 elementor-top-column elementor-element elementor-element-533e2cb\" data-id=\"533e2cb\" data-element_type=\"column\">\n\t\t\t<div class=\"elementor-widget-wrap elementor-element-populated\">\n\t\t\t\t\t\t<div class=\"elementor-element elementor-element-187cf5b elementor-arrows-position-inside elementor-pagination-position-outside elementor-widget elementor-widget-image-carousel\" data-id=\"187cf5b\" data-element_type=\"widget\" data-settings=\"{&quot;slides_to_show&quot;:&quot;2&quot;,&quot;slides_to_scroll&quot;:&quot;2&quot;,&quot;speed&quot;:1500,&quot;navigation&quot;:&quot;both&quot;,&quot;autoplay&quot;:&quot;yes&quot;,&quot;pause_on_hover&quot;:&quot;yes&quot;,&quot;pause_on_interaction&quot;:&quot;yes&quot;,&quot;autoplay_speed&quot;:5000,&quot;infinite&quot;:&quot;yes&quot;}\" data-widget_type=\"image-carousel.default\">\n\t\t\t\t<div class=\"elementor-widget-container\">\n\t\t\t\t\t<div class=\"elementor-image-carousel-wrapper swiper\" dir=\"ltr\">\n\t\t\t<div class=\"elementor-image-carousel swiper-wrapper\" aria-live=\"off\">\n\t\t\t\t\t\t\t\t<div class=\"swiper-slide\" role=\"group\" aria-roledescription=\"slide\" aria-label=\"1 of 4\"><a data-elementor-open-lightbox=\"yes\" data-elementor-lightbox-slideshow=\"187cf5b\" data-elementor-lightbox-title=\"Rum_724JS_600\" data-e-action-hash=\"#elementor-action%3Aaction%3Dlightbox%26settings%3DeyJpZCI6Mjg0LCJ1cmwiOiJodHRwczpcL1wvd3d3LnBtaWFiLnNlXC93cC1jb250ZW50XC91cGxvYWRzXC8yMDIwXC8wM1wvUnVtXzcyNEpTXzYwMC5qcGciLCJzbGlkZXNob3ciOiIxODdjZjViIn0%3D\" href=\"https:\/\/www.pmiab.se\/wp-content\/uploads\/2020\/03\/Rum_724JS_600.jpg\"><figure class=\"swiper-slide-inner\"><img decoding=\"async\" class=\"swiper-slide-image\" src=\"https:\/\/www.pmiab.se\/wp-content\/uploads\/2020\/03\/Rum_724JS_600-150x150.jpg\" alt=\"Rum_724JS_600\" \/><\/figure><\/a><\/div><div class=\"swiper-slide\" role=\"group\" aria-roledescription=\"slide\" aria-label=\"2 of 4\"><a data-elementor-open-lightbox=\"yes\" data-elementor-lightbox-slideshow=\"187cf5b\" data-elementor-lightbox-title=\"Studio_sovrum_600x400\" data-e-action-hash=\"#elementor-action%3Aaction%3Dlightbox%26settings%3DeyJpZCI6Mjg1LCJ1cmwiOiJodHRwczpcL1wvd3d3LnBtaWFiLnNlXC93cC1jb250ZW50XC91cGxvYWRzXC8yMDIwXC8wM1wvU3R1ZGlvX3NvdnJ1bV82MDB4NDAwLmpwZyIsInNsaWRlc2hvdyI6IjE4N2NmNWIifQ%3D%3D\" href=\"https:\/\/www.pmiab.se\/wp-content\/uploads\/2020\/03\/Studio_sovrum_600x400.jpg\"><figure class=\"swiper-slide-inner\"><img decoding=\"async\" class=\"swiper-slide-image\" src=\"https:\/\/www.pmiab.se\/wp-content\/uploads\/2020\/03\/Studio_sovrum_600x400-150x150.jpg\" alt=\"Studio_sovrum_600x400\" \/><\/figure><\/a><\/div><div class=\"swiper-slide\" role=\"group\" aria-roledescription=\"slide\" aria-label=\"3 of 4\"><a data-elementor-open-lightbox=\"yes\" data-elementor-lightbox-slideshow=\"187cf5b\" data-elementor-lightbox-title=\"Bifger-Jarl-01\" data-e-action-hash=\"#elementor-action%3Aaction%3Dlightbox%26settings%3DeyJpZCI6MTY1NiwidXJsIjoiaHR0cHM6XC9cL3d3dy5wbWlhYi5zZVwvd3AtY29udGVudFwvdXBsb2Fkc1wvMjAyMFwvMDhcL0JpZmdlci1KYXJsLTAxLmpwZyIsInNsaWRlc2hvdyI6IjE4N2NmNWIifQ%3D%3D\" href=\"https:\/\/www.pmiab.se\/wp-content\/uploads\/2020\/08\/Bifger-Jarl-01.jpg\"><figure class=\"swiper-slide-inner\"><img decoding=\"async\" class=\"swiper-slide-image\" src=\"https:\/\/www.pmiab.se\/wp-content\/uploads\/2020\/08\/Bifger-Jarl-01-150x150.jpg\" alt=\"Bifger-Jarl-01\" \/><\/figure><\/a><\/div><div class=\"swiper-slide\" role=\"group\" aria-roledescription=\"slide\" aria-label=\"4 of 4\"><a data-elementor-open-lightbox=\"yes\" data-elementor-lightbox-slideshow=\"187cf5b\" data-elementor-lightbox-title=\"Bifger-Jarl-02\" data-e-action-hash=\"#elementor-action%3Aaction%3Dlightbox%26settings%3DeyJpZCI6MTY1NywidXJsIjoiaHR0cHM6XC9cL3d3dy5wbWlhYi5zZVwvd3AtY29udGVudFwvdXBsb2Fkc1wvMjAyMFwvMDhcL0JpZmdlci1KYXJsLTAyLmpwZyIsInNsaWRlc2hvdyI6IjE4N2NmNWIifQ%3D%3D\" href=\"https:\/\/www.pmiab.se\/wp-content\/uploads\/2020\/08\/Bifger-Jarl-02.jpg\"><figure class=\"swiper-slide-inner\"><img decoding=\"async\" class=\"swiper-slide-image\" src=\"https:\/\/www.pmiab.se\/wp-content\/uploads\/2020\/08\/Bifger-Jarl-02-150x150.jpg\" alt=\"Bifger-Jarl-02\" \/><\/figure><\/a><\/div>\t\t\t<\/div>\n\t\t\t\t\t\t\t\t\t\t\t\t<div class=\"elementor-swiper-button elementor-swiper-button-prev\" role=\"button\" tabindex=\"0\">\n\t\t\t\t\t\t<i aria-hidden=\"true\" class=\"eicon-chevron-left\"><\/i>\t\t\t\t\t<\/div>\n\t\t\t\t\t<div class=\"elementor-swiper-button elementor-swiper-button-next\" role=\"button\" tabindex=\"0\">\n\t\t\t\t\t\t<i aria-hidden=\"true\" class=\"eicon-chevron-right\"><\/i>\t\t\t\t\t<\/div>\n\t\t\t\t\n\t\t\t\t\t\t\t\t\t<div class=\"swiper-pagination\"><\/div>\n\t\t\t\t\t\t\t\t\t<\/div>\n\t\t\t\t<\/div>\n\t\t\t\t<\/div>\n\t\t\t\t\t<\/div>\n\t\t<\/div>\n\t\t\t\t\t<\/div>\n\t\t<\/section>\n\t\t\t\t<section class=\"elementor-section elementor-top-section elementor-element elementor-element-ef05a63 elementor-section-boxed elementor-section-height-default elementor-section-height-default\" data-id=\"ef05a63\" data-element_type=\"section\">\n\t\t\t\t\t\t<div class=\"elementor-container elementor-column-gap-default\">\n\t\t\t\t\t<div class=\"elementor-column elementor-col-100 elementor-top-column elementor-element elementor-element-2ee3327\" data-id=\"2ee3327\" data-element_type=\"column\">\n\t\t\t<div class=\"elementor-widget-wrap elementor-element-populated\">\n\t\t\t\t\t\t<div class=\"elementor-element elementor-element-a98a957 elementor-widget elementor-widget-video\" data-id=\"a98a957\" data-element_type=\"widget\" data-settings=\"{&quot;youtube_url&quot;:&quot;https:\\\/\\\/youtu.be\\\/iQKZlx5KTt4&quot;,&quot;video_type&quot;:&quot;youtube&quot;,&quot;controls&quot;:&quot;yes&quot;}\" data-widget_type=\"video.default\">\n\t\t\t\t<div class=\"elementor-widget-container\">\n\t\t\t\t\t<div class=\"elementor-wrapper elementor-open-inline\">\n\t\t\t<div class=\"elementor-video\"><\/div>\t\t<\/div>\n\t\t\t\t<\/div>\n\t\t\t\t<\/div>\n\t\t\t\t<div class=\"elementor-element elementor-element-2063aa9 elementor-widget elementor-widget-spacer\" data-id=\"2063aa9\" data-element_type=\"widget\" data-widget_type=\"spacer.default\">\n\t\t\t\t<div class=\"elementor-widget-container\">\n\t\t\t\t\t<div class=\"elementor-spacer\">\n\t\t\t<div class=\"elementor-spacer-inner\"><\/div>\n\t\t<\/div>\n\t\t\t\t<\/div>\n\t\t\t\t<\/div>\n\t\t\t\t\t<\/div>\n\t\t<\/div>\n\t\t\t\t\t<\/div>\n\t\t<\/section>\n\t\t\t\t<section class=\"elementor-section elementor-top-section elementor-element elementor-element-378b170 elementor-section-boxed elementor-section-height-default elementor-section-height-default\" data-id=\"378b170\" data-element_type=\"section\">\n\t\t\t\t\t\t<div class=\"elementor-container elementor-column-gap-default\">\n\t\t\t\t\t<div class=\"elementor-column elementor-col-100 elementor-top-column elementor-element elementor-element-8184472\" data-id=\"8184472\" data-element_type=\"column\">\n\t\t\t<div class=\"elementor-widget-wrap elementor-element-populated\">\n\t\t\t\t\t\t<div class=\"elementor-element elementor-element-d05230c elementor-hidden-desktop elementor-hidden-tablet elementor-widget elementor-widget-spacer\" data-id=\"d05230c\" data-element_type=\"widget\" data-widget_type=\"spacer.default\">\n\t\t\t\t<div class=\"elementor-widget-container\">\n\t\t\t\t\t<div class=\"elementor-spacer\">\n\t\t\t<div class=\"elementor-spacer-inner\"><\/div>\n\t\t<\/div>\n\t\t\t\t<\/div>\n\t\t\t\t<\/div>\n\t\t\t\t\t<\/div>\n\t\t<\/div>\n\t\t\t\t\t<\/div>\n\t\t<\/section>\n\t\t\t\t<\/div>","protected":false},"excerpt":{"rendered":"<p>Nya l\u00f6sningar f\u00f6r NYA UTMANINGAR Hotel Birger Jarl \u00e4r en uppdragsgivare vi jobbat tillsammans med under m\u00e5nga \u00e5r. PMI:s uppdrag har varierat fr\u00e5n att enbart hantera koncept och inredningen, till att ta ansvar f\u00f6r hela renoveringsprocessen, vilket vi kallar totalentreprenad. Vi p\u00e5 PMI ser till att omh\u00e4nderta den gamla inredningen, riva, omplacera, renovera golv v\u00e4ggar [&hellip;]<\/p>\n","protected":false},"author":1,"featured_media":0,"parent":0,"menu_order":0,"comment_status":"closed","ping_status":"closed","template":"","meta":[],"_links":{"self":[{"href":"https:\/\/www.pmiab.se\/en\/wp-json\/wp\/v2\/pages\/276"}],"collection":[{"href":"https:\/\/www.pmiab.se\/en\/wp-json\/wp\/v2\/pages"}],"about":[{"href":"https:\/\/www.pmiab.se\/en\/wp-json\/wp\/v2\/types\/page"}],"author":[{"embeddable":true,"href":"https:\/\/www.pmiab.se\/en\/wp-json\/wp\/v2\/users\/1"}],"replies":[{"embeddable":true,"href":"https:\/\/www.pmiab.se\/en\/wp-json\/wp\/v2\/comments?post=276"}],"version-history":[{"count":3,"href":"https:\/\/www.pmiab.se\/en\/wp-json\/wp\/v2\/pages\/276\/revisions"}],"predecessor-version":[{"id":2531,"href":"https:\/\/www.pmiab.se\/en\/wp-json\/wp\/v2\/pages\/276\/revisions\/2531"}],"wp:attachment":[{"href":"https:\/\/www.pmiab.se\/en\/wp-json\/wp\/v2\/media?parent=276"}],"curies":[{"name":"wp","href":"https:\/\/api.w.org\/{rel}","templated":true}]}}